{"id":1546,"date":"2026-03-02T13:28:23","date_gmt":"2026-03-02T12:28:23","guid":{"rendered":"https:\/\/re-lax.at\/?page_id=1546"},"modified":"2026-03-03T10:34:28","modified_gmt":"2026-03-03T09:34:28","slug":"immobilien-ohne-makler","status":"publish","type":"page","link":"https:\/\/re-lax.at\/hu\/immobilien-ohne-makler\/","title":{"rendered":"Ingatlan v\u00e9tel\/elad\u00e1s \u2013 k\u00f6zvet\u00edt\u0151 n\u00e9lk\u00fcl"},"content":{"rendered":"\n<div class=\"wp-block-group alignfull has-global-padding is-layout-constrained wp-block-group-is-layout-constrained\" style=\"margin-top:0;margin-bottom:0;padding-top:var(--wp--preset--spacing--50);padding-bottom:var(--wp--preset--spacing--50)\">\n<div class=\"wp-block-columns alignwide is-layout-flex wp-container-core-columns-is-layout-fa584acd wp-block-columns-is-layout-flex\">\n<div class=\"wp-block-column is-vertically-aligned-center is-layout-flow wp-block-column-is-layout-flow\">\n<hr class=\"wp-block-separator has-alpha-channel-opacity\"\/>\n\n\n\n<h2 class=\"wp-block-heading has-accent-1-color has-text-color has-link-color has-xx-large-font-size wp-elements-57f3500e3ae2eb7fc4cc72a10424711a\">Sie wollen Ihre Immobilie entspannt verkaufen?<\/h2>\n\n\n\n<div class=\"wp-block-buttons is-layout-flex wp-block-buttons-is-layout-flex\">\n<div class=\"wp-block-button\"><a class=\"wp-block-button__link wp-element-button\" href=\"#Anfrageformular\" style=\"border-top-left-radius:30px;border-top-right-radius:30px;border-bottom-left-radius:30px;border-bottom-right-radius:30px\">Jetzt kostenloses Angebot anfordern &#8211; in nur 30 Sekunden<\/a><\/div>\n<\/div>\n\n\n\n<p class=\"has-medium-font-size\">Wir sind Ihr Immobilien-Partner in Graz, Graz-Umgebung und ganz Steiermark.<\/p>\n\n\n\n<p class=\"has-medium-font-size\">Wir kaufen Immobilien von Privat. <\/p>\n\n\n\n<p class=\"has-medium-font-size\">Wir bieten eine unkomplizierte und schnelle Abwicklung.<br><br><strong>Wir haben f\u00fcr jede Immobilie die passende L\u00f6sung:<\/strong><\/p>\n\n\n\n<ul class=\"wp-block-list\">\n<li>Diskretion<\/li>\n\n\n\n<li>Erbschaft<\/li>\n\n\n\n<li>Scheidung<\/li>\n\n\n\n<li>Sanierungsr\u00fcckstand<\/li>\n\n\n\n<li>Mieterprobleme<\/li>\n\n\n\n<li>Zeitdruck<\/li>\n<\/ul>\n<\/div>\n\n\n\n<div class=\"wp-block-column is-vertically-aligned-center is-layout-flow wp-block-column-is-layout-flow\">\n<figure class=\"wp-block-gallery has-nested-images columns-default is-cropped wp-block-gallery-1 is-layout-flex wp-block-gallery-is-layout-flex\">\n<figure class=\"wp-block-image size-full\"><img loading=\"lazy\" decoding=\"async\" width=\"1500\" height=\"1001\" data-id=\"515\" src=\"https:\/\/re-lax.at\/wp-content\/uploads\/2025\/07\/edina_relax2.jpg\" alt=\"Edina Szabo\" class=\"wp-image-515\" style=\"object-fit:cover\" srcset=\"https:\/\/re-lax.at\/wp-content\/uploads\/2025\/07\/edina_relax2.jpg 1500w, https:\/\/re-lax.at\/wp-content\/uploads\/2025\/07\/edina_relax2-300x200.jpg 300w, https:\/\/re-lax.at\/wp-content\/uploads\/2025\/07\/edina_relax2-1024x683.jpg 1024w, https:\/\/re-lax.at\/wp-content\/uploads\/2025\/07\/edina_relax2-768x513.jpg 768w\" sizes=\"auto, (max-width: 1500px) 100vw, 1500px\" \/><\/figure>\n<\/figure>\n<\/div>\n<\/div>\n\n\n\n<figure class=\"wp-block-pullquote has-large-font-size\"><blockquote><p><strong>Verkaufen Sie ihre Wohnung oder ihr Haus \u2013 direkt an RE-LAX<sup>\u00ae<\/sup> (eine Marke der KA-SZA Gmbh) ohne Makler, ohne Aufwand, ohne Wartezeit.<\/strong><\/p><\/blockquote><\/figure>\n\n\n\n<hr class=\"wp-block-separator has-alpha-channel-opacity\"\/>\n\n\n\n<p class=\"is-style-text-subtitle has-accent-1-color has-text-color has-link-color wp-elements-312b9280d52d047522947974c57d3e85 is-style-text-subtitle--2\" id=\"Anfrageformular\"><strong>Jetzt kostenloses Anfrageformular ausf\u00fcllen:<\/strong><\/p>\n\n\n<style id=\"wpforms-css-vars-1555-block-f00a588d-87ad-466f-8910-ec0979a81be9\">\n\t\t\t\t#wpforms-1555.wpforms-block-f00a588d-87ad-466f-8910-ec0979a81be9 {\n\t\t\t\t--wpforms-button-background-color: #c29f4c;\n--wpforms-field-size-input-height: 43px;\n--wpforms-field-size-input-spacing: 15px;\n--wpforms-field-size-font-size: 16px;\n--wpforms-field-size-line-height: 19px;\n--wpforms-field-size-padding-h: 14px;\n--wpforms-field-size-checkbox-size: 16px;\n--wpforms-field-size-sublabel-spacing: 5px;\n--wpforms-field-size-icon-size: 1;\n--wpforms-label-size-font-size: 16px;\n--wpforms-label-size-line-height: 19px;\n--wpforms-label-size-sublabel-font-size: 14px;\n--wpforms-label-size-sublabel-line-height: 17px;\n--wpforms-button-size-font-size: 17px;\n--wpforms-button-size-height: 41px;\n--wpforms-button-size-padding-h: 15px;\n--wpforms-button-size-margin-top: 10px;\n\t\t\t}\n\t\t\t<\/style><div class=\"wpforms-container wpforms-container-full wpforms-block wpforms-block-f00a588d-87ad-466f-8910-ec0979a81be9 wpforms-render-modern\" id=\"wpforms-1555\"><form id=\"wpforms-form-1555\" class=\"wpforms-validate wpforms-form wpforms-ajax-form\" data-formid=\"1555\" method=\"post\" enctype=\"multipart\/form-data\" action=\"\/hu\/wp-json\/wp\/v2\/pages\/1546\" data-token=\"e0cf49c0af5e50c70366f55e4f9432f0\" data-token-time=\"1777564224\"><noscript class=\"wpforms-error-noscript\">Please enable JavaScript in your browser to complete this form.<\/noscript><div id=\"wpforms-error-noscript\" style=\"display: none;\">Please enable JavaScript in your browser to complete this form.<\/div><div class=\"wpforms-field-container\"><div id=\"wpforms-1555-field_1-container\" class=\"wpforms-field wpforms-field-name\" data-field-id=\"1\"><fieldset><legend class=\"wpforms-field-label\">Name <span class=\"wpforms-required-label\" aria-hidden=\"true\">*<\/span><\/legend><div class=\"wpforms-field-row wpforms-field-large\"><div class=\"wpforms-field-row-block wpforms-first wpforms-one-half\"><input type=\"text\" id=\"wpforms-1555-field_1\" class=\"wpforms-field-name-first wpforms-field-required\" name=\"wpforms[fields][1][first]\" aria-errormessage=\"wpforms-1555-field_1-error\" required><label for=\"wpforms-1555-field_1\" class=\"wpforms-field-sublabel after\">First<\/label><\/div><div class=\"wpforms-field-row-block wpforms-one-half\"><input type=\"text\" id=\"wpforms-1555-field_1-last\" class=\"wpforms-field-name-last wpforms-field-required\" name=\"wpforms[fields][1][last]\" aria-errormessage=\"wpforms-1555-field_1-last-error\" required><label for=\"wpforms-1555-field_1-last\" class=\"wpforms-field-sublabel after\">Last<\/label><\/div><\/div><\/fieldset><\/div>\t\t<div id=\"wpforms-1555-field_5-container\"\n\t\t\tclass=\"wpforms-field wpforms-field-text\"\n\t\t\tdata-field-type=\"text\"\n\t\t\tdata-field-id=\"5\"\n\t\t\t>\n\t\t\t<label class=\"wpforms-field-label\" for=\"wpforms-1555-field_5\" >Nachricht E-Mail-Adresse oder<\/label>\n\t\t\t<input type=\"text\" id=\"wpforms-1555-field_5\" class=\"wpforms-field-medium\" name=\"wpforms[fields][5]\" >\n\t\t<\/div>\n\t\t<div id=\"wpforms-1555-field_2-container\" class=\"wpforms-field wpforms-field-email\" data-field-id=\"2\"><label class=\"wpforms-field-label\" for=\"wpforms-1555-field_2\">E-Mail-Adresse <span class=\"wpforms-required-label\" aria-hidden=\"true\">*<\/span><\/label><input type=\"email\" id=\"wpforms-1555-field_2\" class=\"wpforms-field-large wpforms-field-required\" name=\"wpforms[fields][2]\" spellcheck=\"false\" aria-errormessage=\"wpforms-1555-field_2-error\" required><\/div><div id=\"wpforms-1555-field_4-container\" class=\"wpforms-field wpforms-field-email\" data-field-id=\"4\"><label class=\"wpforms-field-label\" for=\"wpforms-1555-field_4\">Telefonnummer<\/label><input type=\"email\" id=\"wpforms-1555-field_4\" class=\"wpforms-field-large\" name=\"wpforms[fields][4]\" spellcheck=\"false\" aria-errormessage=\"wpforms-1555-field_4-error\" ><\/div><div id=\"wpforms-1555-field_3-container\" class=\"wpforms-field wpforms-field-textarea\" data-field-id=\"3\"><label class=\"wpforms-field-label\" for=\"wpforms-1555-field_3\">Adresse oder Nachricht<\/label><textarea id=\"wpforms-1555-field_3\" class=\"wpforms-field-small\" name=\"wpforms[fields][3]\" aria-errormessage=\"wpforms-1555-field_3-error\" ><\/textarea><\/div><script>\n\t\t\t\t( function() {\n\t\t\t\t\tconst style = document.createElement( 'style' );\n\t\t\t\t\tstyle.appendChild( document.createTextNode( '#wpforms-1555-field_5-container { position: absolute !important; overflow: hidden !important; display: inline !important; height: 1px !important; width: 1px !important; z-index: -1000 !important; padding: 0 !important; } #wpforms-1555-field_5-container input { visibility: hidden; } #wpforms-conversational-form-page #wpforms-1555-field_5-container label { counter-increment: none; }' ) );\n\t\t\t\t\tdocument.head.appendChild( style );\n\t\t\t\t\tdocument.currentScript?.remove();\n\t\t\t\t} )();\n\t\t\t<\/script><\/div><!-- .wpforms-field-container --><div class=\"wpforms-submit-container\" ><input type=\"hidden\" name=\"wpforms[id]\" value=\"1555\"><input type=\"hidden\" name=\"page_title\" value=\"\"><input type=\"hidden\" name=\"page_url\" value=\"https:\/\/re-lax.at\/hu\/wp-json\/wp\/v2\/pages\/1546\"><input type=\"hidden\" name=\"url_referer\" value=\"\"><button type=\"submit\" name=\"wpforms[submit]\" id=\"wpforms-submit-1555\" class=\"wpforms-submit\" data-alt-text=\"Wird gesendet\u00a0\u2026\" data-submit-text=\"Absenden\" aria-live=\"assertive\" value=\"wpforms-submit\">Absenden<\/button><img loading=\"lazy\" decoding=\"async\" src=\"https:\/\/re-lax.at\/wp-content\/plugins\/wpforms-lite\/assets\/images\/submit-spin.svg\" class=\"wpforms-submit-spinner\" style=\"display: none;\" width=\"26\" height=\"26\" alt=\"Loading\"><\/div><\/form><\/div>  <!-- .wpforms-container --><\/div>\n\n\n\n<hr class=\"wp-block-separator has-alpha-channel-opacity\"\/>\n\n\n\n<div class=\"wp-block-group is-nowrap is-layout-flex wp-container-core-group-is-layout-6c531013 wp-block-group-is-layout-flex\">\n<p class=\"has-accent-1-color has-text-color has-link-color wp-elements-ac75b0f5389d90eddf8e2116cd7706a4\"><strong>Wir stehen Ihnen jederzeit per Telefon, E-Mail und WhatsApp zur Verf\u00fcgung:<\/strong><\/p>\n<\/div>\n\n\n\n<div class=\"wp-block-group is-nowrap is-layout-flex wp-container-core-group-is-layout-6c531013 wp-block-group-is-layout-flex\">\n<figure class=\"wp-block-image size-full wp-container-content-782f50a5\" style=\"margin-top:0;margin-right:0;margin-bottom:0;margin-left:0\"><img decoding=\"async\" src=\"https:\/\/re-lax.at\/wp-content\/uploads\/2026\/03\/qr-1ic4s3dv39cq2jHg5xi-150x150.png\" alt=\"\" class=\"wp-image-1550\" style=\"aspect-ratio:1;object-fit:cover\"\/><\/figure>\n\n\n\n<p class=\"has-medium-font-size wp-container-content-9cfa9a5a\"><strong><a href=\"https:\/\/re-lax.at\/robert-karner\/\" data-type=\"page\" data-id=\"1490\">Robert Karner<\/a><br><\/strong><a href=\"https:\/\/re-lax.at\/?qr-code=1612\">+43 670 189 189 9<\/a><br><a href=\"https:\/\/re-lax.at\/?qr-code=1612\">robert@re-lax.at<\/a><\/p>\n<\/div>\n\n\n\n<div class=\"wp-block-group is-nowrap is-layout-flex wp-container-core-group-is-layout-6c531013 wp-block-group-is-layout-flex\">\n<figure class=\"wp-block-image size-full wp-container-content-782f50a5\"><img decoding=\"async\" src=\"https:\/\/re-lax.at\/wp-content\/uploads\/2026\/03\/qr-od59uqboato84czMGMm-150x150.png\" alt=\"\" class=\"wp-image-1550\" style=\"aspect-ratio:1;object-fit:cover\"\/><\/figure>\n\n\n\n<p class=\"has-medium-font-size wp-container-content-9cfa9a5a\"><strong><a href=\"https:\/\/re-lax.at\/edina-szabo\/\" data-type=\"page\" data-id=\"1543\">Edina Szabo, MA<br><\/a><\/strong><a href=\"https:\/\/re-lax.at\/?qr-code=1621\">+43 670 650 7337<\/a><br><a href=\"https:\/\/re-lax.at\/?qr-code=1621\">edina@re-lax.at<\/a><\/p>\n<\/div>\n\n\n\n<hr class=\"wp-block-separator has-alpha-channel-opacity\"\/>\n\n\n\n<blockquote class=\"wp-block-quote is-layout-flow wp-block-quote-is-layout-flow\">\n<p>\u201eWie schnell geht der Verkauf?\u201c<\/p>\n<\/blockquote>\n\n\n\n<p><em>Wir bieten eine professionelle, unkomplizierte und schnelle Abwicklung.<\/em><\/p>\n\n\n\n<blockquote class=\"wp-block-quote is-layout-flow wp-block-quote-is-layout-flow\">\n<p>\u201eWie wird der Preis ermittelt?\u201c<\/p>\n<\/blockquote>\n\n\n\n<p><em>Wir bewerten die Immobilien im Sachwertverfahren, Ertragswertverfahren oder Vergleichswertverfahren.<\/em><\/p>\n\n\n\n<blockquote class=\"wp-block-quote is-layout-flow wp-block-quote-is-layout-flow\">\n<p>\u201eWer w\u00fcrde meine Immobilie kaufen?\u201c<\/p>\n<\/blockquote>\n\n\n\n<div class=\"wp-block-group is-nowrap is-layout-flex wp-container-core-group-is-layout-6c531013 wp-block-group-is-layout-flex\">\n<p><em>Die KA-SZA Gmbh, FN 592599w mit Sitz in Graz. Eigent\u00fcmer sind Robert Karner und Edina Szabo, MA. <\/em><br><em>Lernen Sie uns gerne pers\u00f6nlich bei einem unverbindlichen Gespr\u00e4ch kennen.<\/em><\/p>\n\n\n<div class=\"is-default-size alignright wp-block-site-logo\"><a href=\"https:\/\/re-lax.at\/hu\/\" class=\"custom-logo-link\" rel=\"home\"><img loading=\"lazy\" decoding=\"async\" width=\"250\" height=\"250\" src=\"https:\/\/re-lax.at\/wp-content\/uploads\/2025\/01\/cropped-IMG_6247.png\" class=\"custom-logo\" alt=\"KA-SZA Gmbh\" srcset=\"https:\/\/re-lax.at\/wp-content\/uploads\/2025\/01\/cropped-IMG_6247.png 250w, https:\/\/re-lax.at\/wp-content\/uploads\/2025\/01\/cropped-IMG_6247-150x150.png 150w, https:\/\/re-lax.at\/wp-content\/uploads\/2025\/01\/cropped-IMG_6247-100x100.png 100w\" sizes=\"auto, (max-width: 250px) 100vw, 250px\" \/><\/a><\/div><\/div>\n\n\n\n<p><\/p>\n\n\n\n<div class=\"wp-block-buttons is-layout-flex wp-block-buttons-is-layout-flex\">\n<div class=\"wp-block-button\"><a class=\"wp-block-button__link wp-element-button\" href=\"#Anfrageformular\">Jetzt kostenloses Angebot anfordern &#8211; in nur 30 Sekunden<\/a><\/div>\n<\/div>\n\n\n\n<hr class=\"wp-block-separator has-alpha-channel-opacity\"\/>\n\n\n\n<figure class=\"wp-block-video\"><video height=\"1080\" style=\"aspect-ratio: 1920 \/ 1080;\" width=\"1920\" autoplay loop muted preload=\"auto\" src=\"https:\/\/re-lax.at\/wp-content\/uploads\/2025\/09\/RE-LAX_R_v2_kaufen.mp4\" playsinline><\/video><\/figure>\n\n\n\n<p class=\"is-style-text-subtitle has-accent-1-color has-custom-hellgold-background-color has-text-color has-background has-link-color wp-elements-b8cdc84fc7a02ea995788e161fc824d2 is-style-text-subtitle--3\"><strong>Wir kaufen Immobilien in jedem Zustand. Sanierungsbed\u00fcrftige Immobilien werden von uns saniert und anschlie\u00dfend vermietet oder verkauft:<\/strong><\/p>\n\n\n\n<figure class=\"wp-block-table is-style-stripes\"><table class=\"has-custom-hellgold-background-color has-background\"><tbody><tr><td class=\"has-text-align-center\" data-align=\"center\"><img decoding=\"async\" src=\"https:\/\/re-lax.at\/wp-content\/uploads\/2026\/03\/02_Bad_01.jpg\" alt=\"\" style=\"width: 90%;\"><\/td><td class=\"has-text-align-center\" data-align=\"center\"><img decoding=\"async\" src=\"https:\/\/re-lax.at\/wp-content\/uploads\/2026\/03\/02_Bad_04.jpg\" alt=\"\" style=\"width: 90%;\"><\/td><\/tr><tr><td class=\"has-text-align-center\" data-align=\"center\"><img decoding=\"async\" src=\"https:\/\/re-lax.at\/wp-content\/uploads\/2026\/03\/05_K_01.jpg\" alt=\"\" style=\"width: 90%;\"><\/td><td class=\"has-text-align-center\" data-align=\"center\"><img decoding=\"async\" style=\"width: 90%;\" src=\"https:\/\/re-lax.at\/wp-content\/uploads\/2026\/03\/05_K_04.jpg\" alt=\"\"><\/td><\/tr><tr><td class=\"has-text-align-center\" data-align=\"center\"><img decoding=\"async\" src=\"https:\/\/re-lax.at\/wp-content\/uploads\/2026\/03\/03_WC_01.jpg\" alt=\"\" style=\"width: 90%;\"><\/td><td class=\"has-text-align-center\" data-align=\"center\"><img decoding=\"async\" src=\"https:\/\/re-lax.at\/wp-content\/uploads\/2026\/03\/03_WC_03.jpg\" alt=\"\" style=\"width: 90%;\"><\/td><\/tr><tr><td class=\"has-text-align-center\" data-align=\"center\"><img decoding=\"async\" src=\"https:\/\/re-lax.at\/wp-content\/uploads\/2026\/03\/08_V_01.jpg\" alt=\"\" style=\"width: 90%;\"><\/td><td class=\"has-text-align-center\" data-align=\"center\"><img decoding=\"async\" src=\"https:\/\/re-lax.at\/wp-content\/uploads\/2026\/03\/08_V_03.jpg\" alt=\"\" style=\"width: 90%;\"><\/td><\/tr><tr><td class=\"has-text-align-center\" data-align=\"center\"><img decoding=\"async\" src=\"https:\/\/re-lax.at\/wp-content\/uploads\/2026\/03\/07_A_01.jpg\" alt=\"\" style=\"width: 90%;\"><\/td><td class=\"has-text-align-center\" data-align=\"center\"><img decoding=\"async\" src=\"https:\/\/re-lax.at\/wp-content\/uploads\/2026\/03\/07_A_03.jpg\" alt=\"\" style=\"width: 90%;\"><\/td><\/tr><tr><td class=\"has-text-align-center\" data-align=\"center\"><img decoding=\"async\" src=\"https:\/\/re-lax.at\/wp-content\/uploads\/2026\/03\/09_S_01.jpg\" alt=\"\" style=\"width: 90%;\"><\/td><td class=\"has-text-align-center\" data-align=\"center\"><img decoding=\"async\" src=\"https:\/\/re-lax.at\/wp-content\/uploads\/2026\/03\/09_S_03.jpg\" alt=\"\" style=\"width: 90%;\"><\/td><\/tr><\/tbody><\/table><\/figure>\n","protected":false},"excerpt":{"rendered":"<p>Sie wollen Ihre Immobilie entspannt verkaufen? Wir sind Ihr Immobilien-Partner in Graz, Graz-Umgebung und ganz Steiermark. Wir kaufen Immobilien von Privat. Wir bieten eine unkomplizierte und schnelle Abwicklung. Wir haben f\u00fcr jede Immobilie die passende L\u00f6sung: Verkaufen Sie ihre Wohnung oder ihr Haus \u2013 direkt an RE-LAX\u00ae (eine Marke der KA-SZA Gmbh) ohne Makler, ohne [&hellip;]<\/p>\n","protected":false},"author":1,"featured_media":0,"parent":0,"menu_order":0,"comment_status":"closed","ping_status":"closed","template":"","meta":{"footnotes":""},"class_list":["post-1546","page","type-page","status-publish","hentry"],"_links":{"self":[{"href":"https:\/\/re-lax.at\/hu\/wp-json\/wp\/v2\/pages\/1546","targetHints":{"allow":["GET"]}}],"collection":[{"href":"https:\/\/re-lax.at\/hu\/wp-json\/wp\/v2\/pages"}],"about":[{"href":"https:\/\/re-lax.at\/hu\/wp-json\/wp\/v2\/types\/page"}],"author":[{"embeddable":true,"href":"https:\/\/re-lax.at\/hu\/wp-json\/wp\/v2\/users\/1"}],"replies":[{"embeddable":true,"href":"https:\/\/re-lax.at\/hu\/wp-json\/wp\/v2\/comments?post=1546"}],"version-history":[{"count":45,"href":"https:\/\/re-lax.at\/hu\/wp-json\/wp\/v2\/pages\/1546\/revisions"}],"predecessor-version":[{"id":1646,"href":"https:\/\/re-lax.at\/hu\/wp-json\/wp\/v2\/pages\/1546\/revisions\/1646"}],"wp:attachment":[{"href":"https:\/\/re-lax.at\/hu\/wp-json\/wp\/v2\/media?parent=1546"}],"curies":[{"name":"wp","href":"https:\/\/api.w.org\/{rel}","templated":true}]}}